{"id":677,"date":"2019-07-11T11:13:32","date_gmt":"2019-07-11T17:13:32","guid":{"rendered":"https:\/\/www.atyccr.com\/?page_id=677"},"modified":"2020-08-26T09:19:22","modified_gmt":"2020-08-26T15:19:22","slug":"it-essentials","status":"publish","type":"page","link":"https:\/\/www.atyccr.com\/?page_id=677","title":{"rendered":"IT Essentials"},"content":{"rendered":"\t\t<div data-elementor-type=\"wp-post\" data-elementor-id=\"677\" class=\"elementor elementor-677\" data-elementor-post-type=\"page\">\n\t\t\t\t\t\t\t\t\t<section class=\"elementor-section elementor-top-section elementor-element elementor-element-cd3c213 elementor-section-boxed elementor-section-height-default elementor-section-height-default\" data-id=\"cd3c213\" data-element_type=\"section\">\n\t\t\t\t\t\t<div class=\"elementor-container elementor-column-gap-default\">\n\t\t\t\t\t<div class=\"elementor-column elementor-col-100 elementor-top-column elementor-element elementor-element-fad330b\" data-id=\"fad330b\" data-element_type=\"column\">\n\t\t\t<div class=\"elementor-widget-wrap elementor-element-populated\">\n\t\t\t\t\t\t\t\t<div class=\"elementor-element elementor-element-7d23589 elementor-widget elementor-widget-heading\" data-id=\"7d23589\" data-element_type=\"widget\" data-widget_type=\"heading.default\">\n\t\t\t\t<div class=\"elementor-widget-container\">\n\t\t\t<h3 class=\"elementor-heading-title elementor-size-default\">IT Essentials v7<\/h3>\t\t<\/div>\n\t\t\t\t<\/div>\n\t\t\t\t\t<\/div>\n\t\t<\/div>\n\t\t\t\t\t\t\t<\/div>\n\t\t<\/section>\n\t\t\t\t<section class=\"elementor-section elementor-top-section elementor-element elementor-element-97f95a5 elementor-section-stretched elementor-section-boxed elementor-section-height-default elementor-section-height-default\" data-id=\"97f95a5\" data-element_type=\"section\" data-settings=\"{&quot;stretch_section&quot;:&quot;section-stretched&quot;}\">\n\t\t\t\t\t\t<div class=\"elementor-container elementor-column-gap-default\">\n\t\t\t\t\t<div class=\"elementor-column elementor-col-100 elementor-top-column elementor-element elementor-element-00a4c3c\" data-id=\"00a4c3c\" data-element_type=\"column\">\n\t\t\t<div class=\"elementor-widget-wrap elementor-element-populated\">\n\t\t\t\t\t\t\t\t<div class=\"elementor-element elementor-element-9589b60 elementor-widget-divider--view-line elementor-widget elementor-widget-divider\" data-id=\"9589b60\" data-element_type=\"widget\" data-widget_type=\"divider.default\">\n\t\t\t\t<div class=\"elementor-widget-container\">\n\t\t\t\t\t<div class=\"elementor-divider\">\n\t\t\t<span class=\"elementor-divider-separator\">\n\t\t\t\t\t\t<\/span>\n\t\t<\/div>\n\t\t\t\t<\/div>\n\t\t\t\t<\/div>\n\t\t\t\t<div class=\"elementor-element elementor-element-55810f8 elementor-widget elementor-widget-spacer\" data-id=\"55810f8\" data-element_type=\"widget\" data-widget_type=\"spacer.default\">\n\t\t\t\t<div class=\"elementor-widget-container\">\n\t\t\t\t\t<div class=\"elementor-spacer\">\n\t\t\t<div class=\"elementor-spacer-inner\"><\/div>\n\t\t<\/div>\n\t\t\t\t<\/div>\n\t\t\t\t<\/div>\n\t\t\t\t\t<\/div>\n\t\t<\/div>\n\t\t\t\t\t\t\t<\/div>\n\t\t<\/section>\n\t\t\t\t<section class=\"elementor-section elementor-top-section elementor-element elementor-element-8f62cb5 elementor-section-boxed elementor-section-height-default elementor-section-height-default\" data-id=\"8f62cb5\" data-element_type=\"section\">\n\t\t\t\t\t\t<div class=\"elementor-container elementor-column-gap-default\">\n\t\t\t\t\t<div class=\"elementor-column elementor-col-100 elementor-top-column elementor-element elementor-element-2295245\" data-id=\"2295245\" data-element_type=\"column\">\n\t\t\t<div class=\"elementor-widget-wrap elementor-element-populated\">\n\t\t\t\t\t\t\t\t<div class=\"elementor-element elementor-element-ab28ca0 elementor--h-position-center elementor--v-position-middle elementor-arrows-position-inside elementor-pagination-position-inside elementor-widget elementor-widget-slides\" data-id=\"ab28ca0\" data-element_type=\"widget\" data-settings=\"{&quot;autoplay_speed&quot;:6000,&quot;transition&quot;:&quot;fade&quot;,&quot;transition_speed&quot;:600,&quot;navigation&quot;:&quot;both&quot;,&quot;autoplay&quot;:&quot;yes&quot;,&quot;pause_on_hover&quot;:&quot;yes&quot;,&quot;pause_on_interaction&quot;:&quot;yes&quot;,&quot;infinite&quot;:&quot;yes&quot;}\" data-widget_type=\"slides.default\">\n\t\t\t\t<div class=\"elementor-widget-container\">\n\t\t\t\t\t<div class=\"elementor-swiper\">\n\t\t\t<div class=\"elementor-slides-wrapper elementor-main-swiper swiper-container\" dir=\"ltr\" data-animation=\"fadeInUp\">\n\t\t\t\t<div class=\"swiper-wrapper elementor-slides\">\n\t\t\t\t\t\t\t\t\t\t<div class=\"elementor-repeater-item-5c3ccd7 swiper-slide\"><div class=\"swiper-slide-bg\" role=\"img\"><\/div><div class=\"swiper-slide-inner\" ><div class=\"swiper-slide-contents\"><\/div><\/div><\/div><div class=\"elementor-repeater-item-814e14a swiper-slide\"><div class=\"swiper-slide-bg\" role=\"img\"><\/div><div class=\"swiper-slide-inner\" ><div class=\"swiper-slide-contents\"><\/div><\/div><\/div>\t\t\t\t<\/div>\n\t\t\t\t\t\t\t\t\t\t\t\t\t\t\t<div class=\"swiper-pagination\"><\/div>\n\t\t\t\t\t\t\t\t\t\t\t\t\t\t\t\t<div class=\"elementor-swiper-button elementor-swiper-button-prev\" role=\"button\" tabindex=\"0\">\n\t\t\t\t\t\t\t<i aria-hidden=\"true\" class=\"eicon-chevron-left\"><\/i>\t\t\t\t\t\t\t<span class=\"elementor-screen-only\">Previous slide<\/span>\n\t\t\t\t\t\t<\/div>\n\t\t\t\t\t\t<div class=\"elementor-swiper-button elementor-swiper-button-next\" role=\"button\" tabindex=\"0\">\n\t\t\t\t\t\t\t<i aria-hidden=\"true\" class=\"eicon-chevron-right\"><\/i>\t\t\t\t\t\t\t<span class=\"elementor-screen-only\">Next slide<\/span>\n\t\t\t\t\t\t<\/div>\n\t\t\t\t\t\t\t\t\t\t\t\t<\/div>\n\t\t<\/div>\n\t\t\t\t<\/div>\n\t\t\t\t<\/div>\n\t\t\t\t\t<\/div>\n\t\t<\/div>\n\t\t\t\t\t\t\t<\/div>\n\t\t<\/section>\n\t\t\t\t<section class=\"elementor-section elementor-top-section elementor-element elementor-element-d856486 elementor-section-boxed elementor-section-height-default elementor-section-height-default\" data-id=\"d856486\" data-element_type=\"section\">\n\t\t\t\t\t\t<div class=\"elementor-container elementor-column-gap-default\">\n\t\t\t\t\t<div class=\"elementor-column elementor-col-100 elementor-top-column elementor-element elementor-element-345b78c\" data-id=\"345b78c\" data-element_type=\"column\">\n\t\t\t<div class=\"elementor-widget-wrap elementor-element-populated\">\n\t\t\t\t\t\t\t\t<div class=\"elementor-element elementor-element-3750a7b elementor-widget elementor-widget-spacer\" data-id=\"3750a7b\" data-element_type=\"widget\" data-widget_type=\"spacer.default\">\n\t\t\t\t<div class=\"elementor-widget-container\">\n\t\t\t\t\t<div class=\"elementor-spacer\">\n\t\t\t<div class=\"elementor-spacer-inner\"><\/div>\n\t\t<\/div>\n\t\t\t\t<\/div>\n\t\t\t\t<\/div>\n\t\t\t\t\t<\/div>\n\t\t<\/div>\n\t\t\t\t\t\t\t<\/div>\n\t\t<\/section>\n\t\t\t\t<section class=\"elementor-section elementor-top-section elementor-element elementor-element-1596542 elementor-section-boxed elementor-section-height-default elementor-section-height-default\" data-id=\"1596542\" data-element_type=\"section\">\n\t\t\t\t\t\t<div class=\"elementor-container elementor-column-gap-default\">\n\t\t\t\t\t<div class=\"elementor-column elementor-col-100 elementor-top-column elementor-element elementor-element-1d00cf4\" data-id=\"1d00cf4\" data-element_type=\"column\">\n\t\t\t<div class=\"elementor-widget-wrap elementor-element-populated\">\n\t\t\t\t\t\t\t\t<div class=\"elementor-element elementor-element-ae7e9b4 elementor-widget elementor-widget-heading\" data-id=\"ae7e9b4\" data-element_type=\"widget\" data-widget_type=\"heading.default\">\n\t\t\t\t<div class=\"elementor-widget-container\">\n\t\t\t<h4 class=\"elementor-heading-title elementor-size-default\">Contenido del Curso<\/h4>\t\t<\/div>\n\t\t\t\t<\/div>\n\t\t\t\t\t<\/div>\n\t\t<\/div>\n\t\t\t\t\t\t\t<\/div>\n\t\t<\/section>\n\t\t\t\t<section class=\"elementor-section elementor-top-section elementor-element elementor-element-1c70040 elementor-section-boxed elementor-section-height-default elementor-section-height-default\" data-id=\"1c70040\" data-element_type=\"section\">\n\t\t\t\t\t\t<div class=\"elementor-container elementor-column-gap-default\">\n\t\t\t\t\t<div class=\"elementor-column elementor-col-100 elementor-top-column elementor-element elementor-element-cf128dc\" data-id=\"cf128dc\" data-element_type=\"column\">\n\t\t\t<div class=\"elementor-widget-wrap elementor-element-populated\">\n\t\t\t\t\t\t\t\t<div class=\"elementor-element elementor-element-d07de20 elementor-tabs-view-horizontal elementor-widget elementor-widget-tabs\" data-id=\"d07de20\" data-element_type=\"widget\" data-widget_type=\"tabs.default\">\n\t\t\t\t<div class=\"elementor-widget-container\">\n\t\t\t\t\t<div class=\"elementor-tabs\">\n\t\t\t<div class=\"elementor-tabs-wrapper\" role=\"tablist\" >\n\t\t\t\t\t\t\t\t\t<div id=\"elementor-tab-title-2181\" class=\"elementor-tab-title elementor-tab-desktop-title\" aria-selected=\"true\" data-tab=\"1\" role=\"tab\" tabindex=\"0\" aria-controls=\"elementor-tab-content-2181\" aria-expanded=\"false\">Descripci\u00f3n del curso<\/div>\n\t\t\t\t\t\t\t\t\t<div id=\"elementor-tab-title-2182\" class=\"elementor-tab-title elementor-tab-desktop-title\" aria-selected=\"false\" data-tab=\"2\" role=\"tab\" tabindex=\"-1\" aria-controls=\"elementor-tab-content-2182\" aria-expanded=\"false\">Opciones de desarrollo profesional <\/div>\n\t\t\t\t\t\t\t\t\t<div id=\"elementor-tab-title-2183\" class=\"elementor-tab-title elementor-tab-desktop-title\" aria-selected=\"false\" data-tab=\"3\" role=\"tab\" tabindex=\"-1\" aria-controls=\"elementor-tab-content-2183\" aria-expanded=\"false\">Programa de Estudio<\/div>\n\t\t\t\t\t\t\t\t\t<div id=\"elementor-tab-title-2184\" class=\"elementor-tab-title elementor-tab-desktop-title\" aria-selected=\"false\" data-tab=\"4\" role=\"tab\" tabindex=\"-1\" aria-controls=\"elementor-tab-content-2184\" aria-expanded=\"false\">Resumen del curso<\/div>\n\t\t\t\t\t\t\t<\/div>\n\t\t\t<div class=\"elementor-tabs-content-wrapper\" role=\"tablist\" aria-orientation=\"vertical\">\n\t\t\t\t\t\t\t\t\t<div class=\"elementor-tab-title elementor-tab-mobile-title\" aria-selected=\"true\" data-tab=\"1\" role=\"tab\" tabindex=\"0\" aria-controls=\"elementor-tab-content-2181\" aria-expanded=\"false\">Descripci\u00f3n del curso<\/div>\n\t\t\t\t\t<div id=\"elementor-tab-content-2181\" class=\"elementor-tab-content elementor-clearfix\" data-tab=\"1\" role=\"tabpanel\" aria-labelledby=\"elementor-tab-title-2181\" tabindex=\"0\" hidden=\"false\"><p>Este curso abarca los principios b\u00e1sicos del hardware y el software de computaci\u00f3n, as\u00ed como conceptos avanzados, como seguridad, redes y las responsabilidades del profesional de TI. Los estudiantes que completen este curso ser\u00e1n capaces de describir los componentes internos de una PC, armar un sistema de computaci\u00f3n, instalar un sistema operativo y resolver problemas mediante herramientas del sistema y software de diagn\u00f3stico. Adem\u00e1s, los estudiantes podr\u00e1n conectarse a Internet y compartir recursos en un entorno de red. Los nuevos temas en esta versi\u00f3n incluyen sistemas operativos m\u00f3viles, OS X, Linux y virtualizaci\u00f3n por el lado del cliente. Los temas que se ampliaron incluyen el sistema operativo Microsoft Windows y seguridad, redes y soluci\u00f3n de problemas.<\/p><\/div>\n\t\t\t\t\t\t\t\t\t<div class=\"elementor-tab-title elementor-tab-mobile-title\" aria-selected=\"false\" data-tab=\"2\" role=\"tab\" tabindex=\"-1\" aria-controls=\"elementor-tab-content-2182\" aria-expanded=\"false\">Opciones de desarrollo profesional <\/div>\n\t\t\t\t\t<div id=\"elementor-tab-content-2182\" class=\"elementor-tab-content elementor-clearfix\" data-tab=\"2\" role=\"tabpanel\" aria-labelledby=\"elementor-tab-title-2182\" tabindex=\"0\" hidden=\"hidden\"><h4><span style=\"color: #333333;\">IT Essential<\/span><\/h4><p>IT Essentials es ideal para los estudiantes que buscan puestos de TI de nivel b\u00e1sico en empresas, organismos estatales, instituciones educativas o proveedores de servicios, o para quienes deseen trabajar por su cuenta.<\/p><p>Las opciones de desarrollo profesional incluyen: Soporte t\u00e9cnico o de TI, T\u00e9cnico de servicio de campo, T\u00e9cnico de soporte, T\u00e9cnico de soporte de red, y mucho m\u00e1s.<\/p><h6>Certificaci\u00f3n: <span style=\"color: #3366ff;\">CompTIA A+<\/span><\/h6><\/div>\n\t\t\t\t\t\t\t\t\t<div class=\"elementor-tab-title elementor-tab-mobile-title\" aria-selected=\"false\" data-tab=\"3\" role=\"tab\" tabindex=\"-1\" aria-controls=\"elementor-tab-content-2183\" aria-expanded=\"false\">Programa de Estudio<\/div>\n\t\t\t\t\t<div id=\"elementor-tab-content-2183\" class=\"elementor-tab-content elementor-clearfix\" data-tab=\"3\" role=\"tabpanel\" aria-labelledby=\"elementor-tab-title-2183\" tabindex=\"0\" hidden=\"hidden\"><h4 class=\"wnd-align-center\"><span style=\"color: #333333;\"><b><strong>Programa de Estudio (70 Horas)<\/strong><\/b><\/span><\/h4><p>Cap. 1.- Introducci\u00f3n al sistema de computaci\u00f3n personal.<\/p><p>Cap. 2.- Procedimientos de laboratorio seguro y uso de las herramientas.<\/p><p>Cap. 3.- Ensamblaje de una computadora.<\/p><p>Cap. 4.- Descripci\u00f3n general de mantenimiento preventivo.<\/p><p>Cap. 5.- Instalaci\u00f3n de Windows.<\/p><p>Cap. 6.- Configuraci\u00f3n y administraci\u00f3n de Windows.<\/p><p>Cap. 7.- Concepto de redes.<\/p><p>Cap. 8.- Redes aplicadas.<\/p><p>Cap. 9.- Computadoras port\u00e1tiles y dispositivos m\u00f3viles.<\/p><p>Cap. 10.- SO m\u00f3viles, Linux, y OS X.<\/p><p>Cap. 11.- Impresoras.<\/p><p>Cap. 12.- Seguridad.<\/p><p>Cap. 13.- Profesionales de TI.<\/p><p>Cap. 14.- Soluci\u00f3n avanzada de problemas.<\/p><\/div>\n\t\t\t\t\t\t\t\t\t<div class=\"elementor-tab-title elementor-tab-mobile-title\" aria-selected=\"false\" data-tab=\"4\" role=\"tab\" tabindex=\"-1\" aria-controls=\"elementor-tab-content-2184\" aria-expanded=\"false\">Resumen del curso<\/div>\n\t\t\t\t\t<div id=\"elementor-tab-content-2184\" class=\"elementor-tab-content elementor-clearfix\" data-tab=\"4\" role=\"tabpanel\" aria-labelledby=\"elementor-tab-title-2184\" tabindex=\"0\" hidden=\"hidden\"><h4><span style=\"color: #333333;\"><strong>Resumen del curso<\/strong><\/span><\/h4><p>El curso IT Essentials (Fundamentos de TI) cubre las destrezas inform\u00e1ticas fundamentales para empleos en TI de nivel b\u00e1sico. IT Essentials incluye pr\u00e1cticas de laboratorio que proporcionan experiencia real que lo preparar\u00e1 para las redes empresariales. Las herramientas de simulaci\u00f3n lo ayudan a mejorar sus destrezas de soluci\u00f3n de problemas y a practicar lo que aprenda.<\/p><ul><li>Desarrolle conocimientos de trabajo sobre el funcionamiento de las computadoras y los dispositivos m\u00f3viles.<\/li><li>Identifique amenazas de seguridad y vulnerabilidades convencionales como malware, suplantaci\u00f3n de identidad, falsificaci\u00f3n de datos e ingenier\u00eda social.<\/li><li>Utilice habilidades y procedimientos para instalar, configurar y solucionar problemas de computadoras, dispositivos m\u00f3viles y software.<\/li><li>Desarrolle un pensamiento cr\u00edtico y habilidades para solucionar problemas con equipos reales y Cisco Packet Tracer, una herramienta de simulaci\u00f3n para la configuraci\u00f3n de la red.<\/li><li>Obtenga comentarios inmediatos sobre su trabajo en pruebas y cuestionarios integrados.<\/li><\/ul><\/div>\n\t\t\t\t\t\t\t<\/div>\n\t\t<\/div>\n\t\t\t\t<\/div>\n\t\t\t\t<\/div>\n\t\t\t\t\t<\/div>\n\t\t<\/div>\n\t\t\t\t\t\t\t<\/div>\n\t\t<\/section>\n\t\t\t\t<section class=\"elementor-section elementor-top-section elementor-element elementor-element-e1a5d37 elementor-section-boxed elementor-section-height-default elementor-section-height-default\" data-id=\"e1a5d37\" data-element_type=\"section\">\n\t\t\t\t\t\t<div class=\"elementor-container elementor-column-gap-default\">\n\t\t\t\t\t<div class=\"elementor-column elementor-col-100 elementor-top-column elementor-element elementor-element-a2cb08a\" data-id=\"a2cb08a\" data-element_type=\"column\">\n\t\t\t<div class=\"elementor-widget-wrap elementor-element-populated\">\n\t\t\t\t\t\t\t\t<div class=\"elementor-element elementor-element-8adbc99 elementor-widget elementor-widget-image\" data-id=\"8adbc99\" data-element_type=\"widget\" data-widget_type=\"image.default\">\n\t\t\t\t<div class=\"elementor-widget-container\">\n\t\t\t\t\t\t\t\t\t\t\t\t\t\t\t<img fetchpriority=\"high\" decoding=\"async\" width=\"1024\" height=\"477\" src=\"https:\/\/www.atyccr.com\/wp-content\/uploads\/2020\/08\/itessential1-1024x477.png\" class=\"attachment-large size-large wp-image-2707\" alt=\"\" srcset=\"https:\/\/www.atyccr.com\/wp-content\/uploads\/2020\/08\/itessential1-1024x477.png 1024w, https:\/\/www.atyccr.com\/wp-content\/uploads\/2020\/08\/itessential1-300x140.png 300w, https:\/\/www.atyccr.com\/wp-content\/uploads\/2020\/08\/itessential1-768x358.png 768w, https:\/\/www.atyccr.com\/wp-content\/uploads\/2020\/08\/itessential1-830x387.png 830w, https:\/\/www.atyccr.com\/wp-content\/uploads\/2020\/08\/itessential1-230x107.png 230w, https:\/\/www.atyccr.com\/wp-content\/uploads\/2020\/08\/itessential1-350x163.png 350w, https:\/\/www.atyccr.com\/wp-content\/uploads\/2020\/08\/itessential1-480x224.png 480w, https:\/\/www.atyccr.com\/wp-content\/uploads\/2020\/08\/itessential1.png 1206w\" sizes=\"(max-width: 1024px) 100vw, 1024px\" \/>\t\t\t\t\t\t\t\t\t\t\t\t\t\t\t<\/div>\n\t\t\t\t<\/div>\n\t\t\t\t\t<\/div>\n\t\t<\/div>\n\t\t\t\t\t\t\t<\/div>\n\t\t<\/section>\n\t\t\t\t\t\t\t<\/div>\n\t\t","protected":false},"excerpt":{"rendered":"<p>IT Essentials v7 Contenido del Curso Descripci\u00f3n del curso Opciones de desarrollo profesional Programa de Estudio Resumen del curso Descripci\u00f3n del curso Este curso abarca los principios b\u00e1sicos del hardware y el software de computaci\u00f3n, as\u00ed como conceptos avanzados, como seguridad, redes y las responsabilidades del profesional de TI. Los estudiantes que completen este curso [&hellip;]<\/p>\n","protected":false},"author":1,"featured_media":0,"parent":0,"menu_order":0,"comment_status":"closed","ping_status":"closed","template":"elementor_header_footer","meta":{"footnotes":""},"_links":{"self":[{"href":"https:\/\/www.atyccr.com\/index.php?rest_route=\/wp\/v2\/pages\/677"}],"collection":[{"href":"https:\/\/www.atyccr.com\/index.php?rest_route=\/wp\/v2\/pages"}],"about":[{"href":"https:\/\/www.atyccr.com\/index.php?rest_route=\/wp\/v2\/types\/page"}],"author":[{"embeddable":true,"href":"https:\/\/www.atyccr.com\/index.php?rest_route=\/wp\/v2\/users\/1"}],"replies":[{"embeddable":true,"href":"https:\/\/www.atyccr.com\/index.php?rest_route=%2Fwp%2Fv2%2Fcomments&post=677"}],"version-history":[{"count":65,"href":"https:\/\/www.atyccr.com\/index.php?rest_route=\/wp\/v2\/pages\/677\/revisions"}],"predecessor-version":[{"id":2709,"href":"https:\/\/www.atyccr.com\/index.php?rest_route=\/wp\/v2\/pages\/677\/revisions\/2709"}],"wp:attachment":[{"href":"https:\/\/www.atyccr.com\/index.php?rest_route=%2Fwp%2Fv2%2Fmedia&parent=677"}],"curies":[{"name":"wp","href":"https:\/\/api.w.org\/{rel}","templated":true}]}}